{"id":5482,"date":"2023-09-05T13:11:52","date_gmt":"2023-09-05T11:11:52","guid":{"rendered":"https:\/\/new.operval.com\/contatti\/"},"modified":"2023-12-11T16:30:53","modified_gmt":"2023-12-11T15:30:53","slug":"contact","status":"publish","type":"page","link":"https:\/\/www.operval.com\/fr\/contact\/","title":{"rendered":"Contact"},"content":{"rendered":"<p>Pour obtenir des informations sp\u00e9cifiques sur nos produits, veuillez remplir le formulaire ci-dessous. Si vous souhaitez conna\u00eetre nos actualit\u00e9s, nos nouveaut\u00e9s concernant les futurs lancements, ou notre participation \u00e0 des salons ou \u00e9v\u00e9nements, vous pouvez le faire en vous abonnant \u00e0 nos r\u00e9seaux sociaux.<\/p>\n","protected":false},"excerpt":{"rendered":"<p>Pour obtenir des informations sp\u00e9cifiques sur nos produits, veuillez remplir le formulaire ci-dessous. Si vous souhaitez conna\u00eetre nos actualit\u00e9s, nos nouveaut\u00e9s concernant les futurs lancements, ou notre participation \u00e0 des salons ou \u00e9v\u00e9nements, vous pouvez le faire en vous abonnant \u00e0 nos r\u00e9seaux sociaux.<\/p>\n","protected":false},"author":1,"featured_media":437,"parent":0,"menu_order":23,"comment_status":"closed","ping_status":"closed","template":"","meta":{"_acf_changed":false,"footnotes":""},"class_list":["post-5482","page","type-page","status-publish","has-post-thumbnail","hentry"],"acf":[],"_links":{"self":[{"href":"https:\/\/www.operval.com\/fr\/wp-json\/wp\/v2\/pages\/5482","targetHints":{"allow":["GET"]}}],"collection":[{"href":"https:\/\/www.operval.com\/fr\/wp-json\/wp\/v2\/pages"}],"about":[{"href":"https:\/\/www.operval.com\/fr\/wp-json\/wp\/v2\/types\/page"}],"author":[{"embeddable":true,"href":"https:\/\/www.operval.com\/fr\/wp-json\/wp\/v2\/users\/1"}],"replies":[{"embeddable":true,"href":"https:\/\/www.operval.com\/fr\/wp-json\/wp\/v2\/comments?post=5482"}],"version-history":[{"count":2,"href":"https:\/\/www.operval.com\/fr\/wp-json\/wp\/v2\/pages\/5482\/revisions"}],"predecessor-version":[{"id":6676,"href":"https:\/\/www.operval.com\/fr\/wp-json\/wp\/v2\/pages\/5482\/revisions\/6676"}],"wp:featuredmedia":[{"embeddable":true,"href":"https:\/\/www.operval.com\/fr\/wp-json\/wp\/v2\/media\/437"}],"wp:attachment":[{"href":"https:\/\/www.operval.com\/fr\/wp-json\/wp\/v2\/media?parent=5482"}],"curies":[{"name":"wp","href":"https:\/\/api.w.org\/{rel}","templated":true}]}}