{"id":6505,"date":"2023-09-05T13:12:57","date_gmt":"2023-09-05T11:12:57","guid":{"rendered":"https:\/\/www.operval.com\/azienda\/"},"modified":"2024-09-13T14:12:28","modified_gmt":"2024-09-13T12:12:28","slug":"entreprise","status":"publish","type":"page","link":"https:\/\/www.operval.com\/fr\/entreprise\/","title":{"rendered":"Entreprise"},"content":{"rendered":"<h2>Operval : plus de 75 ans d'histoire, d'innovation, de technologie et de m\u00e9canique.<\/h2>\n<p>Fond\u00e9e en 1947 par Luigi Prando, Operval a commenc\u00e9 comme un petit atelier \u00e0 Aoste, sp\u00e9cialis\u00e9 dans la r\u00e9paration de bicyclettes et de motos. Au fil des ans, sous la direction d'Antonio Prando et de son \u00e9pouse Luciana, l'entreprise a \u00e9largi ses horizons \u00e0 la r\u00e9paration de voitures et de v\u00e9hicules agricoles et est devenue une r\u00e9f\u00e9rence dans le secteur du terrassement.<\/p>\n<p>En 1975, avec le d\u00e9m\u00e9nagement dans les locaux actuels de Via Carlo Alberto della Chiesa \u00e0 Aoste et le changement de nom en Operval, l'entreprise commence \u00e0 s'imposer dans le secteur. La troisi\u00e8me g\u00e9n\u00e9ration, repr\u00e9sent\u00e9e par Andrea et Lorenzo Prando, a apport\u00e9 des innovations significatives, en se concentrant sur le d\u00e9veloppement d'engins de terrassement radiocommand\u00e9s, alliant tradition et technologie de pointe.<\/p>\n<p>L'ann\u00e9e 2016 a marqu\u00e9 un moment historique pour Operval avec le d\u00e9voilement du premier dumper radiocommand\u00e9 PL10 \u00e0 Bauma, le plus grand salon de la construction au monde. Ce succ\u00e8s a \u00e9t\u00e9 suivi par la cr\u00e9ation d'autres machines r\u00e9volutionnaires telles que le dumper radiocommand\u00e9 P14, le mini dumper radiocommand\u00e9 P08 et le Tunnel Dumper ST25, sp\u00e9cialement con\u00e7u pour les tunnels et les galeries technologiques. Ces produits ont mis en \u00e9vidence l'engagement d'Operval \u00e0 cr\u00e9er des solutions de terrassement innovantes, avec un accent particulier sur les dumpers et mini dumpers radiocommand\u00e9s.<\/p>\n<h2>Le point fort d'Operval est la r\u00e9alisation de projets \u00e0 la demande sp\u00e9cifique du client.<\/h2>\n<p>Avec trois brevets d\u00e9pos\u00e9s et l'accent mis sur l'adaptation des conceptions aux besoins sp\u00e9cifiques des clients, Operval s'est impos\u00e9 comme un leader dans le secteur des machines de construction. Sa participation \u00e0 l'Unacea et \u00e0 la Confindustria t\u00e9moigne de son engagement en faveur de l'innovation et de la qualit\u00e9.<\/p>\n<h2>Operval se concentre sur les jeunes.<\/h2>\n<p>L'entreprise accorde une grande importance aux jeunes talents et collabore avec des instituts techniques et des \u00e9tablissements de formation pour promouvoir l'emploi dans l'industrie.<\/p>\n<p>Cette approche, associ\u00e9e au lien \u00e9troit avec le territoire et \u00e0 la cr\u00e9ation d'une \u00e9quipe qualifi\u00e9e et unie, a permis \u00e0 Operval de d\u00e9velopper des machines telles que des brouettes, des dumpers et des mini-dumpers qui se distinguent par leur polyvalence, leur maniabilit\u00e9 exceptionnelle et leur capacit\u00e9 \u00e0 op\u00e9rer efficacement sur tous les types de terrain, r\u00e9pondant ainsi aux besoins r\u00e9els de ceux qui travaillent dans le domaine du terrassement.<\/p>\n","protected":false},"excerpt":{"rendered":"<p>Operval : plus de 75 ans d'histoire, d'innovation, de technologie et de m\u00e9canique. Fond\u00e9e en 1947 par Luigi Prando, Operval a commenc\u00e9 comme un petit atelier \u00e0 Aoste, sp\u00e9cialis\u00e9 dans la r\u00e9paration de bicyclettes et de motos. Au fil des ans, sous la direction d'Antonio Prando et de son \u00e9pouse Luciana, l'entreprise a \u00e9largi ses [&hellip;]<\/p>\n","protected":false},"author":1,"featured_media":395,"parent":0,"menu_order":6,"comment_status":"closed","ping_status":"closed","template":"","meta":{"_acf_changed":false,"footnotes":""},"class_list":["post-6505","page","type-page","status-publish","has-post-thumbnail","hentry"],"acf":[],"_links":{"self":[{"href":"https:\/\/www.operval.com\/fr\/wp-json\/wp\/v2\/pages\/6505","targetHints":{"allow":["GET"]}}],"collection":[{"href":"https:\/\/www.operval.com\/fr\/wp-json\/wp\/v2\/pages"}],"about":[{"href":"https:\/\/www.operval.com\/fr\/wp-json\/wp\/v2\/types\/page"}],"author":[{"embeddable":true,"href":"https:\/\/www.operval.com\/fr\/wp-json\/wp\/v2\/users\/1"}],"replies":[{"embeddable":true,"href":"https:\/\/www.operval.com\/fr\/wp-json\/wp\/v2\/comments?post=6505"}],"version-history":[{"count":3,"href":"https:\/\/www.operval.com\/fr\/wp-json\/wp\/v2\/pages\/6505\/revisions"}],"predecessor-version":[{"id":7158,"href":"https:\/\/www.operval.com\/fr\/wp-json\/wp\/v2\/pages\/6505\/revisions\/7158"}],"wp:featuredmedia":[{"embeddable":true,"href":"https:\/\/www.operval.com\/fr\/wp-json\/wp\/v2\/media\/395"}],"wp:attachment":[{"href":"https:\/\/www.operval.com\/fr\/wp-json\/wp\/v2\/media?parent=6505"}],"curies":[{"name":"wp","href":"https:\/\/api.w.org\/{rel}","templated":true}]}}